{"id":522,"date":"2025-10-13T10:21:51","date_gmt":"2025-10-13T10:21:51","guid":{"rendered":"https:\/\/spm.garohost.ro\/?page_id=522"},"modified":"2025-10-13T11:00:00","modified_gmt":"2025-10-13T11:00:00","slug":"consiliul-medical","status":"publish","type":"page","link":"https:\/\/www.spitalulmurgeni.ro\/index.php\/consiliul-medical\/","title":{"rendered":"Consiliul Medical"},"content":{"rendered":"\t\t<div data-elementor-type=\"wp-page\" data-elementor-id=\"522\" class=\"elementor elementor-522\" data-elementor-post-type=\"page\">\n\t\t\t\t<div data-particle_enable=\"false\" data-particle-mobile-disabled=\"false\" class=\"elementor-element elementor-element-4ed0225 e-flex e-con-boxed e-con e-parent\" data-id=\"4ed0225\" data-element_type=\"container\">\n\t\t\t\t\t<div class=\"e-con-inner\">\n\t\t\t\t<div class=\"elementor-element elementor-element-f52d2d3 elementor-widget elementor-widget-spacer\" data-id=\"f52d2d3\" data-element_type=\"widget\" data-widget_type=\"spacer.default\">\n\t\t\t\t\t\t\t<div class=\"elementor-spacer\">\n\t\t\t<div class=\"elementor-spacer-inner\"><\/div>\n\t\t<\/div>\n\t\t\t\t\t\t<\/div>\n\t\t\t\t<div class=\"elementor-element elementor-element-95b8bfb elementor-widget elementor-widget-heading\" data-id=\"95b8bfb\" data-element_type=\"widget\" data-widget_type=\"heading.default\">\n\t\t\t\t\t<h2 class=\"elementor-heading-title elementor-size-default\">Consiliul Medical\n<\/h2>\t\t\t\t<\/div>\n\t\t\t\t<div class=\"elementor-element elementor-element-6b60399 elementor-widget elementor-widget-spacer\" data-id=\"6b60399\" data-element_type=\"widget\" data-widget_type=\"spacer.default\">\n\t\t\t\t\t\t\t<div class=\"elementor-spacer\">\n\t\t\t<div class=\"elementor-spacer-inner\"><\/div>\n\t\t<\/div>\n\t\t\t\t\t\t<\/div>\n\t\t\t\t\t<\/div>\n\t\t\t\t<\/div>\n\t\t<div data-particle_enable=\"false\" data-particle-mobile-disabled=\"false\" class=\"elementor-element elementor-element-aa33101 e-flex e-con-boxed e-con e-parent\" data-id=\"aa33101\" data-element_type=\"container\">\n\t\t\t\t\t<div class=\"e-con-inner\">\n\t\t\t\t<div class=\"elementor-element elementor-element-67f5cff elementor-widget elementor-widget-text-editor\" data-id=\"67f5cff\" data-element_type=\"widget\" data-widget_type=\"text-editor.default\">\n\t\t\t\t\t\t\t\t\t<table style=\"border: none; color: #333333; font-family: Tahoma, Arial, sans-serif; font-size: 12px; background-color: #ffffff; width: 658px; height: 99px;\"><tbody><tr><td><p style=\"margin-bottom: 5px; text-align: left;\"><span style=\"color: #1d2228; font-family: 'Helvetica Neue', Helvetica, Arial, sans-serif; font-size: 13px;\"><strong style=\"color: #000000; font-family: Verdana, Arial, Helvetica, sans-serif; font-size: 16px;\">dr. Hitruc Rodica<\/strong>\u00a0<\/span><br \/><strong style=\"color: #000000; font-family: Verdana, Arial, Helvetica, sans-serif; font-size: 11px;\"><span style=\"color: #1d2228; font-family: 'Helvetica Neue', Helvetica, Arial, sans-serif; font-size: 12pt;\"><span style=\"font-size: 14pt;\">dr. Ene Alexandra Oana<\/span><\/span><\/strong><br \/><span style=\"font-size: 12pt;\"><strong>as. pr. Mindirigiu Virginia<\/strong><\/span><\/p><\/td><td><p style=\"margin-bottom: 5px;\"><span style=\"font-size: 12pt;\">Presedinte<\/span><br \/><span style=\"font-size: 12pt;\">Membru<\/span><br \/><span style=\"font-size: 12pt;\">Secretar<\/span><\/p><\/td><\/tr><\/tbody><\/table><p style=\"margin-bottom: 5px; text-align: justify; color: #333333; font-family: Tahoma, Arial, sans-serif; font-size: 12px;\">\u00a0<\/p><p style=\"margin-bottom: 5px; text-align: center; color: #333333; font-family: Tahoma, Arial, sans-serif; font-size: 12px;\"><strong><span style=\"font-size: 12pt;\">\u00a0<\/span><\/strong><\/p><p>\u00a0<\/p><p style=\"margin-bottom: 5px; text-align: justify; color: #333333; font-family: Tahoma, Arial, sans-serif; font-size: 12px;\"><span style=\"font-size: 12pt;\"><strong>Principalele atribu\u0163ii ale consiliului medical sunt urm\u0103toarele:<\/strong><br \/>a) \u00eembun\u0103t\u0103\u0163irea standardelor clinice \u015fi a modelelor de practic\u0103 \u00een scopul acord\u0103rii de servicii medicale de calitate \u00een scopul cre\u015fterii gradului de satisfac\u0163ie a pacien\u0163ilor;<br \/>b) monitorizarea \u015fi evaluarea activit\u0103\u0163ii medicale desf\u0103\u015furate \u00een spital \u00een scopul cre\u015fterii performan\u0163elor profesionale \u015fi utiliz\u0103rii eficiente a resurselor alocate;<br \/>c) \u00eenainteaz\u0103 comitetului director propuneri privind utilizarea fondului de dezvoltare al spitalului;<br \/>d) propune comitetului director m\u0103suri pentru dezvoltarea \u015fi \u00eembun\u0103t\u0103\u0163irea activit\u0103\u0163ii spitalului \u00een concordan\u0163\u0103 cu nevoile de servicii medicale ale popula\u0163iei \u015fi conform ghidurilor \u015fi protocoalelor de practic\u0103 medical\u0103;<br \/>e) alte atribu\u0163ii stabilite prin ordin al ministrului s\u0103n\u0103t\u0103\u0163ii.<br \/><strong>Alte atributii ale Consiliului medical:<\/strong><br \/>1. evalueaz\u0103 necesarul de servicii medicale al popula\u0163iei deservite de spital \u015fi face propuneri pentru elaborarea:<br \/>&#8211; planului de dezvoltare a spitalului, pe perioada mandatului;<br \/>&#8211; planului anual de furnizare de servicii medicale al spitalului;<br \/>&#8211; planului anual de achizi\u0163ii publice, cu privire la achizi\u0163ia de aparatur\u0103 \u015fi echipamente medicale, medicamente \u015fi materiale sanitare;<br \/>2. face propuneri comitetului director \u00een vederea elabor\u0103rii bugetului de venituri \u015fi cheltuieli al spitalului;<br \/>3. particip\u0103 la elaborarea regulamentului de organizare \u015fi func\u0163ionare \u015fi a regulamentului intern ale spitalului;<br \/>4. desf\u0103\u015foar\u0103 activitate de evaluare \u015fi monitorizare a calit\u0103\u0163ii \u015fi eficien\u0163ei activit\u0103\u0163ilor medicale desf\u0103\u015furate \u00een spital, inclusiv:<br \/>&#8211; evaluarea satisfac\u0163iei pacien\u0163ilor care beneficiaz\u0103 de servicii \u00een cadrul spitalului sau \u00een ambulatoriul acestuia;<br \/>&#8211; monitorizarea principalilor indicatori de performan\u0163\u0103 \u00een activitatea medical\u0103;<br \/>&#8211; prevenirea \u015fi controlul infec\u0163iilor nozocomiale.<br \/>Aceste activit\u0103\u0163i sunt desf\u0103\u015furate \u00een colaborare cu nucleul de calitate, nucleul DRG \u015fi cu compartimentul de prevenire \u015fi control al infec\u0163iilor nozocomiale de la nivelul spitalului;<br \/>5. stabile\u015fte reguli privind activitatea profesional\u0103, protocoalele de practic\u0103 medical\u0103 la nivelul spitalului \u015fi r\u0103spunde de aplicarea \u015fi respectarea acestora;<br \/>6. elaboreaz\u0103 planul anual de \u00eembun\u0103t\u0103\u0163ire a calit\u0103\u0163ii serviciilor medicale furnizate de spital, pe care \u00eel supune spre aprobare directorului general;<br \/>7. \u00eenainteaz\u0103 directorului general propuneri cu caracter organizatoric pentru \u00eembun\u0103t\u0103\u0163irea activit\u0103\u0163ilor medicale desf\u0103\u015furate la nivelul spitalului;<br \/>8. evalueaz\u0103 necesarul de personal medical al fiec\u0103rei sec\u0163ii\/laborator \u015fi face propuneri comitetului director pentru elaborarea strategiei de personal a spitalului;<br \/>9. evalueaz\u0103 necesarul liniilor de gard\u0103 \u015fi face propuneri directorului general cu privire la structura \u015fi num\u0103rul acestora la nivelul spitalului, dup\u0103 caz;<br \/>10. particip\u0103 la stabilirea fi\u015felor posturilor personalului medical angajat;<br \/>11. \u00eenainteaz\u0103 directorului general propuneri pentru elaborarea planului de formare \u015fi perfec\u0163ionare continu\u0103 a personalului medico-sanitar;<br \/>12. face propuneri \u015fi monitorizeaz\u0103 desf\u0103\u015furarea activit\u0103\u0163ilor de educa\u0163ie \u015fi cercetare medical\u0103 desf\u0103\u015furate la nivelul spitalului, \u00een colaborare cu institu\u0163iile acreditate;<br \/>13. reprezint\u0103 spitalul \u00een rela\u0163iile cu organiza\u0163ii profesionale din \u0163ar\u0103 \u015fi din str\u0103in\u0103tate \u015fi faciliteaz\u0103 accesul personalului medical la informa\u0163ii medicale de ultim\u0103 or\u0103;<br \/>14. asigur\u0103 respectarea normelor de etic\u0103 profesional\u0103 \u015fi deontologie medical\u0103 la nivelul spitalului, colabor\u00e2nd cu Colegiul Medicilor din Rom\u00e2nia;<br \/>15. r\u0103spunde de acreditarea personalului medical al spitalului \u015fi de acreditarea activit\u0103\u0163ilor medicale desf\u0103\u015furate \u00een spital, \u00een conformitate cu legisla\u0163ia \u00een vigoare;<br \/>16. analizeaz\u0103 \u015fi ia decizii \u00een situa\u0163ia existen\u0163ei unor cazuri medicale deosebite (de exemplu, cazuri foarte complicate care necesit\u0103 o durat\u0103 de spitalizare mult prelungit\u0103, mor\u0163i subite etc.);<br \/>17. particip\u0103, al\u0103turi de directorul general, la organizarea asisten\u0163ei medicale \u00een caz de dezastre, epidemii \u015fi \u00een alte situa\u0163ii speciale;<br \/>18. stabile\u015fte coordonatele principale privind consumul medicamentelor la nivelul spitalului, \u00een vederea unei utiliz\u0103ri judicioase a fondurilor spitalului, prevenirii polipragmaziei \u015fi a rezisten\u0163ei la medicamente;<br \/>19. supervizeaz\u0103 respectarea prevederilor \u00een vigoare, referitoare la documenta\u0163ia medical\u0103 a pacien\u0163ilor trata\u0163i, asigurarea confiden\u0163ialit\u0103\u0163ii datelor medicale, constituirea arhivei spitalului;<br \/>20. avizeaz\u0103 utilizarea bazei de date medicale a spitalului pentru activit\u0103\u0163i de cercetare medical\u0103, \u00een condi\u0163iile legii;<br \/>21. analizeaz\u0103 \u015fi solu\u0163ioneaz\u0103 sugestiile, sesiz\u0103rile \u015fi reclama\u0163iile pacien\u0163ilor trata\u0163i \u00een spital, referitoare la activitatea medical\u0103 a spitalului;<br \/>22. elaboreaz\u0103 raportul anual de activitate medical\u0103 a spitalului, \u00een conformitate cu legisla\u0163ia.<\/span><\/p>\t\t\t\t\t\t\t\t<\/div>\n\t\t\t\t\t<\/div>\n\t\t\t\t<\/div>\n\t\t\t\t<\/div>\n\t\t","protected":false},"excerpt":{"rendered":"<p>Consiliul Medical dr. Hitruc Rodica\u00a0dr. Ene Alexandra Oanaas. pr. Mindirigiu Virginia PresedinteMembruSecretar \u00a0 \u00a0 \u00a0 Principalele atribu\u0163ii ale consiliului medical sunt urm\u0103toarele:a) \u00eembun\u0103t\u0103\u0163irea standardelor clinice \u015fi a modelelor de practic\u0103 \u00een scopul acord\u0103rii de servicii medicale de calitate \u00een scopul cre\u015fterii gradului de satisfac\u0163ie a pacien\u0163ilor;b) monitorizarea \u015fi evaluarea activit\u0103\u0163ii medicale desf\u0103\u015furate \u00een spital \u00een scopul cre\u015fterii performan\u0163elor profesionale \u015fi [&hellip;]<\/p>\n","protected":false},"author":1,"featured_media":0,"parent":0,"menu_order":0,"comment_status":"closed","ping_status":"closed","template":"page-templates\/full-width-container.php","meta":{"footnotes":""},"folder":[],"class_list":["post-522","page","type-page","status-publish","hentry"],"_links":{"self":[{"href":"https:\/\/www.spitalulmurgeni.ro\/index.php\/wp-json\/wp\/v2\/pages\/522","targetHints":{"allow":["GET"]}}],"collection":[{"href":"https:\/\/www.spitalulmurgeni.ro\/index.php\/wp-json\/wp\/v2\/pages"}],"about":[{"href":"https:\/\/www.spitalulmurgeni.ro\/index.php\/wp-json\/wp\/v2\/types\/page"}],"author":[{"embeddable":true,"href":"https:\/\/www.spitalulmurgeni.ro\/index.php\/wp-json\/wp\/v2\/users\/1"}],"replies":[{"embeddable":true,"href":"https:\/\/www.spitalulmurgeni.ro\/index.php\/wp-json\/wp\/v2\/comments?post=522"}],"version-history":[{"count":4,"href":"https:\/\/www.spitalulmurgeni.ro\/index.php\/wp-json\/wp\/v2\/pages\/522\/revisions"}],"predecessor-version":[{"id":570,"href":"https:\/\/www.spitalulmurgeni.ro\/index.php\/wp-json\/wp\/v2\/pages\/522\/revisions\/570"}],"wp:attachment":[{"href":"https:\/\/www.spitalulmurgeni.ro\/index.php\/wp-json\/wp\/v2\/media?parent=522"}],"wp:term":[{"taxonomy":"folder","embeddable":true,"href":"https:\/\/www.spitalulmurgeni.ro\/index.php\/wp-json\/wp\/v2\/folder?post=522"}],"curies":[{"name":"wp","href":"https:\/\/api.w.org\/{rel}","templated":true}]}}