{"id":517,"date":"2025-10-13T10:20:38","date_gmt":"2025-10-13T10:20:38","guid":{"rendered":"https:\/\/spm.garohost.ro\/?page_id=517"},"modified":"2025-10-13T10:58:00","modified_gmt":"2025-10-13T10:58:00","slug":"comitetul-director","status":"publish","type":"page","link":"https:\/\/www.spitalulmurgeni.ro\/index.php\/comitetul-director\/","title":{"rendered":"Comitetul Director"},"content":{"rendered":"\t\t<div data-elementor-type=\"wp-page\" data-elementor-id=\"517\" class=\"elementor elementor-517\" data-elementor-post-type=\"page\">\n\t\t\t\t<div data-particle_enable=\"false\" data-particle-mobile-disabled=\"false\" class=\"elementor-element elementor-element-b1f56d4 e-flex e-con-boxed e-con e-parent\" data-id=\"b1f56d4\" data-element_type=\"container\">\n\t\t\t\t\t<div class=\"e-con-inner\">\n\t\t\t\t<div class=\"elementor-element elementor-element-d5c71ea elementor-widget elementor-widget-spacer\" data-id=\"d5c71ea\" data-element_type=\"widget\" data-widget_type=\"spacer.default\">\n\t\t\t\t\t\t\t<div class=\"elementor-spacer\">\n\t\t\t<div class=\"elementor-spacer-inner\"><\/div>\n\t\t<\/div>\n\t\t\t\t\t\t<\/div>\n\t\t\t\t<div class=\"elementor-element elementor-element-69cc28a elementor-widget elementor-widget-heading\" data-id=\"69cc28a\" data-element_type=\"widget\" data-widget_type=\"heading.default\">\n\t\t\t\t\t<h2 class=\"elementor-heading-title elementor-size-default\">Comitetul Director<\/h2>\t\t\t\t<\/div>\n\t\t\t\t<div class=\"elementor-element elementor-element-2185ccd elementor-widget elementor-widget-spacer\" data-id=\"2185ccd\" data-element_type=\"widget\" data-widget_type=\"spacer.default\">\n\t\t\t\t\t\t\t<div class=\"elementor-spacer\">\n\t\t\t<div class=\"elementor-spacer-inner\"><\/div>\n\t\t<\/div>\n\t\t\t\t\t\t<\/div>\n\t\t\t\t\t<\/div>\n\t\t\t\t<\/div>\n\t\t<div data-particle_enable=\"false\" data-particle-mobile-disabled=\"false\" class=\"elementor-element elementor-element-855a474 e-flex e-con-boxed e-con e-parent\" data-id=\"855a474\" data-element_type=\"container\">\n\t\t\t\t\t<div class=\"e-con-inner\">\n\t\t\t\t<div class=\"elementor-element elementor-element-5b2ed5f elementor-widget elementor-widget-text-editor\" data-id=\"5b2ed5f\" data-element_type=\"widget\" data-widget_type=\"text-editor.default\">\n\t\t\t\t\t\t\t\t\t<p style=\"margin-bottom: 5px; text-align: justify; color: #333333; font-family: Tahoma, Arial, sans-serif; font-size: 12px;\"><strong>COMITETUL DIRECTOR<\/strong>\u00a0isi desfasoara activitatea \u00een sedinte lunare, ordinare, sau, ori de c\u00e2te ori este nevoie \u00een sedinte extraordinare, av\u00e2nd atributiile prevazute \u00een Legea 95\/2006, si Ordinul 921\/2006, art.1<\/p><p style=\"margin-bottom: 5px; text-align: justify; color: #333333; font-family: Tahoma, Arial, sans-serif; font-size: 12px;\">\u00a0<\/p><p style=\"margin-bottom: 5px; text-align: center; color: #333333; font-family: Tahoma, Arial, sans-serif; font-size: 12px;\"><strong>ATRIBUTIILE\u00a0<\/strong><strong>COMITETULUI DIRECTOR<\/strong><\/p><p style=\"margin-bottom: 5px; text-align: justify; color: #333333; font-family: Tahoma, Arial, sans-serif; font-size: 12px;\">1. elaboreaza planul de dezvoltare al spitalului pe perioada mandatului, \u00een baza propunerilor scrise ale consiliului medical;<\/p><p style=\"margin-bottom: 5px; text-align: justify; color: #333333; font-family: Tahoma, Arial, sans-serif; font-size: 12px;\">2. elaboreaza, pe baza propunerilor consiliului medical, planul anual de furnizare de servicii medicale al spitalului;<br \/>3. propune managerului, \u00een vederea aprobarii:<br \/>a) numarul de personal, pe categorii si locuri de munca, \u00een functie de reglementarile \u00een vigoare;<br \/>b) organizarea concursurilor pentru posturile vacante, \u00een urma consultarii cu sindicatele, conform legii;<br \/>4. elaboreaza regulamentul de organizare si functionare, regulamentul intern si organigrama spitalului, \u00een urma consultarii cu sindicatele, conform legii;<br \/>5. propune spre aprobare managerului si urmareste implementarea de masuri organizatorice privind \u00eembunatatirea calitatii actului medical, a conditiilor de cazare, igiena si alimentatie, precum si de masuri de prevenire a infectiilor nosocomiale, conform normelor aprobate prin ordin al ministrului sanatatii publice;<br \/>6. elaboreaza proiectul bugetului de venituri si cheltutieli al spitalului, pe baza centralizarii de catre compartimentul economico-financiar a propunerilor fundamentate ale conducatorilor sectiilor si compartimentelor din structura spitalului, pe care \u00eel upune aprobarii managerului;<br \/>7. urmareste realizarea indicatorilor privind executia bugetului de venituri si cheltuieli pe sectii si compartimente, asigur\u00e2nd sprijin sefilor de sectii si compartimente pentru \u00eencadrarea \u00een bugetul alocat;<br \/>8. analizeaza propunerea consiliului medical privind utilizarea fondului de dezvoltare, pe care il supune spre aprobare managerului;<br \/>9. asigura monitorizarea si raportarea indicatorilor specifici activitatii medicale, financiari, economici, precum si a altor date privind activitatea de supraveghere, prevenire si control, pe care le prezinta managerului, conform metodologiei stabilite;<br \/>10. analizeaza, la propunerea consiliului medical, masurile pentru dezvoltarea si \u00eembunatatirea activitatii spitalului, \u00een concordanta cu nevoile de servicii medicale ale populatiei, dezvoltarea tehnologiilor medicale, ghidurilor si protocoalelor de practica medicale;<br \/>11. elaboreaza planul de actiune pentru situatii speciale si asistenta medicala \u00een caz de razboi, dezastre, atacuri teroriste, conflicte sociale si alte situatii de criza;<br \/>12. la propunerea consiliului medical, \u00eentocmeste, fundamenteaza si prezinta spre aprobare managerului planul anual de achizitii publice, lista investitiilor si a lucrarilor de reparatii curente si capitale care urmeaza sa se realizeze \u00eentr-un exercitiu financiar, \u00een conditiile legii, si raspunde de realizarea acestora;<br \/>13. analizeaza, trimestrial sau ori de c\u00e2te ori este nevoie, modul de \u00eendeplinire a obligatiilor asumate prin contracte si propune managerului masuri de \u00eembunatatire a activitatii spitalului;<br \/>14. \u00eentocmeste informari lunare, trimestriale si anuale cu privire la executia bugetului de venituri si cheltuieli, pe care le analizeaza cu consiliul medical si le prezinta autoritatii de sanatate publica judetene sau a municipiului Bucuresti, precum si Ministerului Sanatatii Publice, respectiv ministerelor cu retea sanitara proprie, la solicitarea acestora;<br \/>15. negociaza, prin manager, directorul medical si directorul financiar-contabil, contractele de furnizare de servicii medicale cu casele de asigurari de sanatate;<br \/>16. se \u00eentruneste lunar sau ori de c\u00e2te ori este nevoie, la solicitarea majoritatii membrilor sai ori a managerului spitalului public, si ia decizii \u00een prezenta a cel putin doua treimi din numarul membrilor sai, cu majoritatea absoluta a membrilor prezenti;<br \/>17. face propuneri privind structura organizatorica, reorganizarea, restructurarea, schimbarea sediului si a denumirii spitalului;<br \/>18. negociaza cu seful de sectie\/laborator si propune spre aprobare managerului indicatorii specifici de performanta ai managementului sectiei\/laboratorului\/serviciului, care vor fi prevazuti ca anexa la contractul de administrare al sectiei\/laboratorului;<br \/>19. raspunde \u00een fata managerului pentru \u00eendeplinirea atributiilor care \u00eei revin;<br \/>20. analizeaza activitatea membrilor sai pe baza rapoartelor de evaluare si elaboreaza raportul anual de activitate al spitalului.<\/p>\t\t\t\t\t\t\t\t<\/div>\n\t\t\t\t\t<\/div>\n\t\t\t\t<\/div>\n\t\t\t\t<\/div>\n\t\t","protected":false},"excerpt":{"rendered":"<p>Comitetul Director COMITETUL DIRECTOR\u00a0isi desfasoara activitatea \u00een sedinte lunare, ordinare, sau, ori de c\u00e2te ori este nevoie \u00een sedinte extraordinare, av\u00e2nd atributiile prevazute \u00een Legea 95\/2006, si Ordinul 921\/2006, art.1 \u00a0 ATRIBUTIILE\u00a0COMITETULUI DIRECTOR 1. elaboreaza planul de dezvoltare al spitalului pe perioada mandatului, \u00een baza propunerilor scrise ale consiliului medical; 2. elaboreaza, pe baza propunerilor consiliului medical, planul anual de [&hellip;]<\/p>\n","protected":false},"author":1,"featured_media":0,"parent":0,"menu_order":0,"comment_status":"closed","ping_status":"closed","template":"page-templates\/full-width-container.php","meta":{"footnotes":""},"folder":[],"class_list":["post-517","page","type-page","status-publish","hentry"],"_links":{"self":[{"href":"https:\/\/www.spitalulmurgeni.ro\/index.php\/wp-json\/wp\/v2\/pages\/517","targetHints":{"allow":["GET"]}}],"collection":[{"href":"https:\/\/www.spitalulmurgeni.ro\/index.php\/wp-json\/wp\/v2\/pages"}],"about":[{"href":"https:\/\/www.spitalulmurgeni.ro\/index.php\/wp-json\/wp\/v2\/types\/page"}],"author":[{"embeddable":true,"href":"https:\/\/www.spitalulmurgeni.ro\/index.php\/wp-json\/wp\/v2\/users\/1"}],"replies":[{"embeddable":true,"href":"https:\/\/www.spitalulmurgeni.ro\/index.php\/wp-json\/wp\/v2\/comments?post=517"}],"version-history":[{"count":4,"href":"https:\/\/www.spitalulmurgeni.ro\/index.php\/wp-json\/wp\/v2\/pages\/517\/revisions"}],"predecessor-version":[{"id":567,"href":"https:\/\/www.spitalulmurgeni.ro\/index.php\/wp-json\/wp\/v2\/pages\/517\/revisions\/567"}],"wp:attachment":[{"href":"https:\/\/www.spitalulmurgeni.ro\/index.php\/wp-json\/wp\/v2\/media?parent=517"}],"wp:term":[{"taxonomy":"folder","embeddable":true,"href":"https:\/\/www.spitalulmurgeni.ro\/index.php\/wp-json\/wp\/v2\/folder?post=517"}],"curies":[{"name":"wp","href":"https:\/\/api.w.org\/{rel}","templated":true}]}}