{"id":497,"date":"2025-10-13T09:45:49","date_gmt":"2025-10-13T09:45:49","guid":{"rendered":"https:\/\/spm.garohost.ro\/?page_id=497"},"modified":"2025-10-13T10:01:25","modified_gmt":"2025-10-13T10:01:25","slug":"recuperare-activa","status":"publish","type":"page","link":"https:\/\/www.spitalulmurgeni.ro\/index.php\/recuperare-activa\/","title":{"rendered":"Recuperare activa"},"content":{"rendered":"\t\t<div data-elementor-type=\"wp-page\" data-elementor-id=\"497\" class=\"elementor elementor-497\" data-elementor-post-type=\"page\">\n\t\t\t\t<div data-particle_enable=\"false\" data-particle-mobile-disabled=\"false\" class=\"elementor-element elementor-element-7d4a9d5 e-flex e-con-boxed e-con e-parent\" data-id=\"7d4a9d5\" data-element_type=\"container\">\n\t\t\t\t\t<div class=\"e-con-inner\">\n\t\t\t\t<div class=\"elementor-element elementor-element-0e14386 elementor-widget elementor-widget-text-editor\" data-id=\"0e14386\" data-element_type=\"widget\" data-widget_type=\"text-editor.default\">\n\t\t\t\t\t\t\t\t\t<p>&nbsp; &nbsp;In cadrul spitalului nostru abordam durerea cronica in cadrul unei echipe multidisciplinare.<br>Terapia durerii este o specialitate complementar\u0103 intr-o echipa medicala complexa si trebuie sa trateze&nbsp;pacientul cu compasiune si cu \u00een\u021belegerea \u00eentregului istoric patologic.<br>&nbsp; &nbsp;Abordarea sistematica a cauzelor posibile si eliminarea lor prin procedee diagnostic poate duce la aflarea cauzei si la un tratament absolut de succes pentru pacient.<br>&nbsp; &nbsp;Fiecare pacient, in urma unui consult, va fi \u00eendrumat c\u0103tre specialitatea medicala care poate trata&nbsp;cel mai bine durerea av\u00e2nd ca urmare imbunatatirea calitatii vie\u021bii.<br>Terapia durerii presupune un grad mare de implicare si con\u0219tientizare a pacientului, pentru a&nbsp;obtine rezultate cat mai eficiente.<\/p>\n<p><span style=\"font-size: 14px;\">&nbsp; &nbsp;<\/span><b style=\"font-size: 14px;\">Durerea cronica<\/b><span style=\"font-size: 14px;\"> sau <\/span><b style=\"font-size: 14px;\">persistenta<\/b><span style=\"font-size: 14px;\"> este durerea care dureaza mai mult de 3 &#8211; 6 luni, este continua sau recurenta, avand o durata si intensitate suficient de mari pentru a afecta starea de bine a pacientului, nivelul de functionare si calitatea vietii. O definitie mai simpla pentru durerea cronica este urmatoarea: durerea care \u201econtinua atunci cand nu ar trebui&#8221;.<\/span><\/p>\n<p>Simptomele durerii cronice includ:<br>&nbsp; &nbsp; &nbsp;\u2022 durerea de intensitate medie pana la severa, care nu cedeaza;<br>&nbsp; &nbsp; &nbsp;\u2022 durerea care este resimtita sub forma de intepaturi, arsura, presiune, furnicaturi;<br>&nbsp; &nbsp; &nbsp;\u2022 disconfort, senzatie de constrictie, rigiditate.<br>&nbsp; &nbsp;Durerea cronica este adesea insotita de: oboseala, insomnie, renuntarea la anumite activitati,<br>necesar de odihna crescut, modificari ale dispozitiei (teama, depresie, iritabilitate, anxietate, stres) si<br>dizabilitate.<br><b>Ce cauze are durerea cronica?<\/b><br>&nbsp; &nbsp;Factorii care stau la baza durerii cronice pot fi dintre cei mai diversi. Deseori, procesul normal de<br>imbatranire poate afecta oasele si articulatiile in moduri care provoaca durere cronica. Alte cauze<br>frecvente ale durerii cronice sunt leziuni ale nervilor si alte leziuni care nu reusesc sa se vindece in<br>mod corespunzator.<br><b>Cum tratam durerea cronica?<\/b><br>&nbsp; &nbsp;Managementul eficient al durerii nu se rezuma pur si simplu la prescrierea unui tratament&nbsp;analgezic. Tratamentul durerii ar trebui sa ia in considerare si simptomele asociate durerii.<br>&nbsp; &nbsp;Din pacate, multi pacienti considera ca tratamentul farmacologic este cea mai buna solutie pentru&nbsp;rezolvarea problemelor de sanatate. Aceasta conceptie gresita trebuie inlocuita cu ideea ca pacientul&nbsp;trebuie sa participe activ pentru redobandirea starii de sanatate.<br>&nbsp; &nbsp;In absenta unui \u201estandard de aur&#8221; in tratamentul durerii cronice, este ideala o abordare&nbsp;multimodala, care incorporeaza tratamente farmacologice si nonfarmacologice, precum si adaptarea la&nbsp;nevoile fiecarui pacient in parte. Rezultatele, in cazul oricarui tratament, nu ar trebui sa fie cuantificate&nbsp;numai in ameliorarea durerii, ci si intr-o imbunatatire a calitatii vietii.<br><b>Tratamentul nonfarmacologic<\/b><br><b>&nbsp; &nbsp;Tratamentul nonfarmacologic<\/b> ar trebui sa fie primul pas in managementul durerii cronice.<br>Indepartarea fricii, incurajarea pacientului sa se descurce singur, folosirea masurilor adaptative si&nbsp;orientarea atentiei catre simptomele asociate durerii sunt la fel de importante ca abordarea specifica a&nbsp;durerii. Tratamentul nonfarmacologic cuprinde terapii pasive si active.<br><b>Terapiile pasive<\/b><br>&nbsp; &nbsp;Terapiile pasive includ: terapii fizicale, manipulari si mobilizari, oxigen hiperbaric, stimulare electrica&nbsp;nervoasa transcutanata.<br>&nbsp; &nbsp; &nbsp;\u2022 terapiile fizicale sunt metode care nu necesita consum de energie din partea pacientului si care&nbsp;pot oferi ajutor pe termen scurt in durerea cronica. Aceste terapii includ: parafina, ultrasunetele,&nbsp;ionoforeza, terapia cu lumina, electroterapia antalgica.<br>&nbsp; &nbsp; &nbsp;\u2022 oxigenul hiperbaric (HBO) implica administrarea de oxigen intr-o camera sub presiune pentru a&nbsp;creste cantitatea de oxigen la nivelul tesuturilor corpului.<br>&nbsp; &nbsp; &nbsp;\u2022 electrostimularea reprezinta utilizarea terapeutica a energiei electrice si este o alta metoda care&nbsp;poate fi utilizata in tratamentul durerii. Electroterapia transcutanata este reprezentata de:&nbsp;<br><b>TENS<\/b> (cea mai comuna forma de electroterapie, in care stimulul electric este aplicat pe suprafata<br>pielii) si de curentul interferential, care penetreza in profunzime.<br><b>Terapii active<\/b><br>&nbsp; &nbsp;Activitatea fizica in aproape orice forma este esentiala la toti pacientii cu afectiuni musculoscheletale. Exercitiul fizic are multe efecte benefice atat asupra starii fizice, cat si asupra starii psihice&nbsp;la pacientii cu durere cronica. Activarea mecanismelor descendente inhibitoare este considerata a fi&nbsp;mecanismul de actiune pentru ameliorarea durerii pentru multe din aceste tratamente. Scopul principal&nbsp;este pastrarea pacientilor cu durere cronica activi fizic cat mai mult timp posibil. Inactivitatea este&nbsp;daunatoare, in ciuda ameliorarii temporare a simptomelor. Exercitiul terapeutic poate fi clasificat in:<br>&nbsp; &nbsp; &nbsp;\u2022 exercitii de miscare;<br>&nbsp; &nbsp; &nbsp;\u2022 exercitii de intindere;<br>&nbsp; &nbsp; &nbsp;\u2022 exercitii de crestere a fortei musculare;<br>&nbsp; &nbsp; &nbsp;\u2022 exercitii conditionat cardiovasculare.<br>&nbsp; &nbsp;Terapia activa se bazeaza pe filosofia ca exercitiile terapeutice sunt benefice pentru restaurarea&nbsp;flexibilitatii, fortei, rezistentei, functiei si poate atenua disconfortul. Terapia activa necesita implicarea&nbsp;pacientului pentru a finaliza un exercitiu sau o sarcina.<br>&nbsp; &nbsp; &nbsp;\u2022 antrenamentul functional<br>&nbsp; &nbsp;Durerea cronica poate limita chiar si cele mai simple activitatile zilnice. Un program activ de&nbsp;succes se concentreaza pe cresterea capacitatii de a efectua sarcini functionale. De exemplu, aceasta ar&nbsp;putea insemna posibilitatea de a indeplini sarcinile de uz casnic sau de a reveni la locul de munca. In&nbsp;aceste situatii, recastigarea independentei determina in mod evident o mai buna calitate a vietii.&nbsp;Activitatea functionala este la fel de importanta ca si efectuarea unui program de exercitii fizice<br>zilnic.<br>&nbsp; &nbsp;Ridicarea, transportul, impingerea, tragerea, indoirea, dexteritatea digitala si manipularea sunt&nbsp;toate exemple de miscari functionale care sunt folosite zilnic. Activitatile de agrement sunt incluse in&nbsp;aceasta categorie. Capacitatea de a efectua un nivel mai ridicat activitati de agrement serveste mai&nbsp;multe scopuri: socializarea, utilizarea in mod activ a timpului si crearea unei stari de bine.<br>&nbsp; &nbsp;<b>Tratamentul farmacologic<\/b> are ca principiu utilizarea medicamentelor in doza cea mai mica si&nbsp;pentru cel mai scurt timp posibil, pentru a reduce efectele secundare. Cuprinde in principal&nbsp;medicamente din clasa antiinflamatoarelor nesteroidiene si a antialgicelor.<br>&nbsp; &nbsp; &nbsp;\u2022 acetaminofenul ramane analgezicul cel mai frecvent utilizat pentru gestionarea durerilor musculoscheletale, desi se pare ca pacientii prefera antiinflamatoarele nonsteroidiene (AINS). Acetaminofenul,<br>in combinatie cu alti agenti, cum ar fi codeina sau tramadolul, poate determina un risc cumulat pentru<br>supradozarea acetaminofenului atunci cand pacientii continua sa utilizeze suplimentar aceste<br>medicamente contrar recomandarilor.<br>&nbsp; &nbsp; &nbsp;\u2022 antiinflamatoarele nonsteroidiene traditionale si cele de ultima generatie au jucat un rol&nbsp;important in managementul durerii, mai ales in combaterea inflamatiei. Acesti agenti sunt insa&nbsp;recunoscuti acum pentru faptul ca se asociaza cu efecte adverse grave asupra tractului gastrointestinal,&nbsp;rinichilor, ficatului si sistemului cardiovascular. In prezent, orice utilizare a acestora se face cu&nbsp;recomandarea de a fi administrati doze minime si timp cat mai scurt.<br>&nbsp; &nbsp; &nbsp;\u2022 analgezicele opioide Medicamente opioide ofera cea mai buna analgezie pentru aproape orice&nbsp;durere, dar utilizarea lor este limitata de efectele secundare imediate, precum si in ceea ce priveste&nbsp;siguranta pe termen lung.<br>&nbsp; &nbsp; &nbsp;\u2022 medicamentele adjuvante pot fi definite ca agenti a caror functie principala nu este ameliorarea&nbsp;durerii, ci modificarea perceptiei durerii de catre pacient. Desi au fost utilizate initial in managementul&nbsp;durerii neuropatice, s-a dovedit ulterior ca ar avea un efect in fibromialgie, acest lucru crescand&nbsp;interesul in utilizarea lor in alte afectiuni musculo-scheletale dureroase. Cele doua clase de&nbsp;medicamente care au fost cel mai studiate pentru efectele analgezice sunt antidepresivele si anti&nbsp;convulsivantele.<br>&nbsp; &nbsp; &nbsp;\u2022 tratarea deficitului de vitamina D Studii recente arata ca un deficit de vitamina D poate contribui&nbsp;la durerile cronice. Vitamina D este vitala pentru absorbtia fixarea calciului in oase si imbunatatirea&nbsp;fortei musculare.<br><b>Tratamentul invaziv<\/b><br>&nbsp; &nbsp; &nbsp;\u2022 injectii locale cu corticosteroizi in articulatii si in tesuturile moi. Steroizii intraarticulari sunt&nbsp;eficienti pe termen scurt (1 &#8211; 3 saptamani) realizand ameliorarea durerii, dar nu par a imbunatati functia&nbsp;sau a oferi ameliorarea durerii pentru perioade de timp mai lungi.<br>&nbsp; &nbsp; &nbsp;\u2022 infiltratii la nivelul coloanei vertebrale &#8211; implica injectarea de steroizi la nivelul coloanei&nbsp;vertebrale (cel mai frecvent lombare) cu scopul de a reduce inflamatia in jurul radacinilor nervilor&nbsp;spinali si a tesuturilor adiacente diminuand durerea.<br>&nbsp; &nbsp; &nbsp;\u2022 infiltratii cu substante vascoelastice -presupune injectarea de substante lubrifiante (acid&nbsp;hialuronic si derivati) in articulatii (frecvent in articulatia genunchiului) pentru a reduce durerea si a&nbsp;imbunatati mobilitatea.<br>&nbsp; &nbsp; &nbsp;\u2022 interventia chirurgicala de protezare &#8211; pentru articulatii grav afectate, mai ales articulatiile&nbsp;coxofemurale si genunchi.<br>Tratam durerea cronica datorata urmatoarelor patologii<br>&nbsp; &nbsp; &nbsp;\u2022 Nevralgie cervico &#8211; brahiala<br>&nbsp; &nbsp; &nbsp;\u2022 Periartrita scapula &#8211; humerala<br>&nbsp; &nbsp; &nbsp;\u2022 Artrite &#8211; diferite localizari &#8211; umar ,cot, mana sau degete ,sold, genunchi, glezna si, degete picior<br>&nbsp; &nbsp; &nbsp;\u2022 Alta patologie periarticulara &#8211; epicondilita , tendinite si tenosinovite cu orice localizare, bursite cu&nbsp;orice localizare, chisti<br>&nbsp; &nbsp; &nbsp;\u2022 Lumbago, lombosciatica, lombocruralgie<br>&nbsp; &nbsp; &nbsp;\u2022 Sindrom de tunel carpian, tarsian sau orice patologie de incarcerare tronculara nervoasa<br>&nbsp; &nbsp; &nbsp;\u2022 Durerea neuropata<br>&nbsp; &nbsp; &nbsp;\u2022 Nevralgia de trigemen<br>&nbsp; &nbsp; &nbsp;\u2022 Patologie articulara degenerativa sau artroze<br>&nbsp; &nbsp; &nbsp;\u2022 Patologie articulara inflamatorie<br>&nbsp; &nbsp; &nbsp;\u2022 Deformari rahidiene ale adultului<br>&nbsp; &nbsp; &nbsp;\u2022 Recuperarea in algodistrofiile simpatice reflexe<br>&nbsp; &nbsp; &nbsp;\u2022 Recuperarea patologiei postraumatice<br>&nbsp; &nbsp; &nbsp;\u2022 Leziuni vertebro-medulare fara atingeri neurologice<br>&nbsp; &nbsp; &nbsp;\u2022 Leziuni traumatice ale membrelor superioare (umeri, regiune brahiala, cot, antebrat, radio- carp,&nbsp;mana)<br>&nbsp; &nbsp; &nbsp;\u2022 Leziuni traumatice ale membrelor inferioare (bazin, coapsa, genunchi, gamba, glezna, picior)<br>&nbsp; &nbsp; &nbsp;\u2022 Leziuni traumatice ale toracelui<br>&nbsp; &nbsp; &nbsp;\u2022 Leziuni traumatice musculare generalizate<br>&nbsp; &nbsp; &nbsp;\u2022 Politraumatisme<br>&nbsp; &nbsp; &nbsp;\u2022 Recuperarea pacientilor cu cicatrici post arsura stabili hemodinamic<br>&nbsp; &nbsp; &nbsp;\u2022 Recuperarea in domeniul chirurgiei ortopedice gen artroplastii, artroscopii ( umar, cot, sold,&nbsp;genunchi, picior)<br>Sfaturi utile pentru pacientii cu durere cronica:<br>&nbsp; &nbsp; &nbsp;\u2022 adoptati o dieta sanatoasa, echilibrata;<br>&nbsp; &nbsp; &nbsp;\u2022 incercati sa indepartati stresul din viata cotidiana; acesta intensifica si intretine durererea cronica;<br>&nbsp; &nbsp; &nbsp;\u2022 renutati la fumat, deoarece acest obicei poate agrava durerea;<br>&nbsp; &nbsp; &nbsp;\u2022 reduceti consumul de alcool, deoarece agraveaza problemele de somn;<br>&nbsp; &nbsp; &nbsp;\u2022 practicati exercitii de respiratie profunda sau de meditatie &#8211; va vor ajuta sa va relaxati;<br>&nbsp; &nbsp; &nbsp;\u2022 practicati exercitiu fizic zilnic, deoarece determina ameliorarea durerii cronice, prin eliberarea de&nbsp;endorfine.<br>&nbsp; &nbsp; &nbsp;\u2022 apelati la masaj, pentru calmarea durerii;<br>&nbsp; &nbsp; &nbsp;\u2022 nu ezitati sa apelati la psihoterapia individuala sau la cea de grup.<br>Urmati cele 6 principii ale unui stil de viata sanatos:<br>1. Respecta regulile unei nutritii optime<br>I. Mananca alimente integrale, neprocesate.<br>II. Introdu varietatea in dieta ta.<br>III. Consuma cantitati mari de legume<br>IV. Practica mancatul constient.<br>2. Practica orice activitate fizica<br>Pentru a avea o viata lunga si fara boli, alaturi de o dieta sanatoasa trebuie sa faci si sport. Mai&nbsp;exact, orice tip de activitate fizica. Gaseste cateva exercitii sau sporturi care te atrag si practica-le&nbsp;constant. Incearca sa faci sport de doua ori pe saptamana. Chiar daca ai un job solicitant si nu-ti&nbsp;permite timpul sa mergi de doua ori pe saptamana la sala, fa cateva exercitii simple acasa sau, de ce&nbsp;nu, la birou. De exemplu, ridica-te de pe scaun la fiecare 30 de minute si mergi timp de 1 minut prin<br>incapere. Acasa, incearca sa faci dimineata cateva flotari, genuflexiuni si abdomene pentru a te&nbsp;mentine in forma. Ai weekend-ul liber? Plimba-te cu bicicleta prin parc sau cu rolele. Sau scoate-ti&nbsp;catelul afara. Mersul pe jos este foarte sanatos.&nbsp;Daca esti incepator si vrei sa mergi la sala de fitness, iti recomandam sedintele de pilates. Sunt&nbsp;potrivite pentru tine deoarece iti protejeaza articulatiile, te ajuta sa-ti controlezi musculatura&nbsp;abdominala, echilibrul si respiratia.&nbsp;Poti chiar sa apelezi saptamanal la antrenamentele de rezistenta si la cele combinate care&nbsp;antreneaza mai multe grupe de muschi: exercitii cu greutati kettlebell, exercitii la banca, ridicarea cu&nbsp;gantere.<br>Sau alege 60 de minute de exercitii cardio de trei ori pe saptamana: jogging, innot, ciclism,&nbsp;sprinturi.<br>\uf0d8 Ofera-i organismului suficient timp sa se odihneasca (relaxare, somn)<br>\uf0d8 Elimina stresul din viata ta<br>\uf0d8 Gandeste pozitiv pentru a avea o viata echilibrata<br>\uf0d8 Fii o persoana moderata<br>Declaratia de la Montreal 2010 &#8220;Accesul la tratamentul durerii este un drept fundamental al<br>omului&#8221;<br>Art. 1 Toti oamenii au dreptul de a avea acces la tratamentul durerii fara discriminare.<br>Art. 2 Toti oamenii au dreptul de a fi informati asupra durerii si a accesului la tratarea acesteia.<br>Art. 3 Persoanele cu durere au au acces neingradit la diagnosticarea si tratarea dureriii de catre<br>profesioni profesionisti calificati.<\/p>\t\t\t\t\t\t\t\t<\/div>\n\t\t\t\t\t<\/div>\n\t\t\t\t<\/div>\n\t\t\t\t<\/div>\n\t\t","protected":false},"excerpt":{"rendered":"<p>&nbsp; &nbsp;In cadrul spitalului nostru abordam durerea cronica in cadrul unei echipe multidisciplinare.Terapia durerii este o specialitate complementar\u0103 intr-o echipa medicala complexa si trebuie sa trateze&nbsp;pacientul cu compasiune si cu \u00een\u021belegerea \u00eentregului istoric patologic.&nbsp; &nbsp;Abordarea sistematica a cauzelor posibile si eliminarea lor prin procedee diagnostic poate duce la aflarea cauzei si la un tratament absolut de succes pentru pacient.&nbsp; &nbsp;Fiecare [&hellip;]<\/p>\n","protected":false},"author":1,"featured_media":0,"parent":0,"menu_order":0,"comment_status":"closed","ping_status":"closed","template":"page-templates\/full-width-container.php","meta":{"footnotes":""},"folder":[],"class_list":["post-497","page","type-page","status-publish","hentry"],"_links":{"self":[{"href":"https:\/\/www.spitalulmurgeni.ro\/index.php\/wp-json\/wp\/v2\/pages\/497","targetHints":{"allow":["GET"]}}],"collection":[{"href":"https:\/\/www.spitalulmurgeni.ro\/index.php\/wp-json\/wp\/v2\/pages"}],"about":[{"href":"https:\/\/www.spitalulmurgeni.ro\/index.php\/wp-json\/wp\/v2\/types\/page"}],"author":[{"embeddable":true,"href":"https:\/\/www.spitalulmurgeni.ro\/index.php\/wp-json\/wp\/v2\/users\/1"}],"replies":[{"embeddable":true,"href":"https:\/\/www.spitalulmurgeni.ro\/index.php\/wp-json\/wp\/v2\/comments?post=497"}],"version-history":[{"count":4,"href":"https:\/\/www.spitalulmurgeni.ro\/index.php\/wp-json\/wp\/v2\/pages\/497\/revisions"}],"predecessor-version":[{"id":502,"href":"https:\/\/www.spitalulmurgeni.ro\/index.php\/wp-json\/wp\/v2\/pages\/497\/revisions\/502"}],"wp:attachment":[{"href":"https:\/\/www.spitalulmurgeni.ro\/index.php\/wp-json\/wp\/v2\/media?parent=497"}],"wp:term":[{"taxonomy":"folder","embeddable":true,"href":"https:\/\/www.spitalulmurgeni.ro\/index.php\/wp-json\/wp\/v2\/folder?post=497"}],"curies":[{"name":"wp","href":"https:\/\/api.w.org\/{rel}","templated":true}]}}