{"id":478,"date":"2025-10-13T09:39:01","date_gmt":"2025-10-13T09:39:01","guid":{"rendered":"https:\/\/spm.garohost.ro\/?page_id=478"},"modified":"2025-10-13T09:42:24","modified_gmt":"2025-10-13T09:42:24","slug":"programe-de-sanatate-ergoterapie","status":"publish","type":"page","link":"https:\/\/www.spitalulmurgeni.ro\/index.php\/programe-de-sanatate-ergoterapie\/","title":{"rendered":"Programe de sanatate &#8211; ergoterapie"},"content":{"rendered":"\t\t<div data-elementor-type=\"wp-page\" data-elementor-id=\"478\" class=\"elementor elementor-478\" data-elementor-post-type=\"page\">\n\t\t\t\t<div data-particle_enable=\"false\" data-particle-mobile-disabled=\"false\" class=\"elementor-element elementor-element-07dc47f e-flex e-con-boxed e-con e-parent\" data-id=\"07dc47f\" data-element_type=\"container\">\n\t\t\t\t\t<div class=\"e-con-inner\">\n\t\t\t\t<div class=\"elementor-element elementor-element-c9f8a2e elementor-widget elementor-widget-text-editor\" data-id=\"c9f8a2e\" data-element_type=\"widget\" data-widget_type=\"text-editor.default\">\n\t\t\t\t\t\t\t\t\t<table class=\"contentpaneopen\" style=\"border: none; margin: 2px 8px; padding: 0px; color: rgb(51, 51, 51); font-family: Tahoma, Arial, sans-serif; font-size: 12px; background-color: rgb(255, 255, 255);\">\n<tbody>\n<tr>\n<td valign=\"top\">\n<p style=\"margin-bottom: 5px; text-align: right;\">\n<\/p><div class=\"backbutton\"><br><\/div>\n<p style=\"margin-bottom: 5px; text-align: justify;\">\n<\/p><p style=\"margin-bottom: 5px; text-align: justify;\"><a href=\"https:\/\/www.spitalulmurgeni.ro\/site\/index.php?option=com_content&amp;view=article&amp;id=106%3Abuget-programe-de-sanatate&amp;catid=25%3Athe-project&amp;Itemid=79\" style=\"text-decoration-color: initial; color: rgb(85, 85, 85);\"><strong>Buget programe de sanatate<br data-mce-bogus=\"1\"><\/strong><\/a><\/p>\n<p style=\"margin-bottom: 5px; text-align: justify;\"><strong>Ce sunt programele nationale de sanatate?<\/strong><br>Programele nationale de sanatate sunt un ansamblu organizat de activitati si servicii instituite prin lege \u00een scopul prevenirii si controlului unor boli cu consecinte grave asupra starii de sanatate a populatiei si, \u00een unele cazuri (SIDA, TBC), cu risc epidemiologic crescut.<br>Programele nationale de sanatate sunt proiectate, implementate si coordonate de Ministerul Sanatatii, iar obiectivele lor sunt stabilite de aceeasi institutie \u00eempreuna cu Casa Nationala de Asigurari de Sanatate, Colegiul Medicilor din Rom\u00e2nia, Camera Federativa a Medicilor, cu reprezentanti ai asociatiilor profesionale stiintifice medicale, ai clinicilor universitare, unitatilor de cercetare, organizatiilor neguvernamentale, sindicatelor, patronatelor, ai ministerelor si institutiilor centrale cu retea sanitara proprie, precum si cu reprezentanti ai populatiei.<br>Programele nationale de sanatate sunt coordonate la nivel national de catre Agentia Nationala pentru Programe de Sanatate din cadrul Ministerului Sanatatii Publice.<br>Resursele financiare pentru finantarea programelor nationale de sanatate provin de la bugetul de stat, din veniturile proprii ale Ministerului Sanatatii Publice si din transferurile din bugetul Ministerului Sanatatii Publice catre bugetul Fondului national unic de asiguri sociale de sanatate.<br>Finantarea programului national si a subprogramelor de sanatate cu scop curativ se face din bugetul Fondului national unic de asigurari sociale de sanatate.<br><strong>Obiective<\/strong><br>Elaborarea programelor nationale de sanatate are la baza urmatoarele obiective :<br>\u2022 rezolvarea cu prioritate a problemelor de sanatate, \u00een conformitate cu Strategia nationala de sanatate a Ministerului Sanatatii Publice;<br>\u2022 utilizarea eficienta a resurselor alocate pentru \u00eendeplinirea obiectivelor si indicatorilor aprobati;<br>\u2022 fundamentarea programelor pe nevoile populatiei, evidentiate din date obiective;<br>\u2022 asigurarea concordantei cu politicile, strategiile si recomandarile institutiilor si organizatiilor internationale \u00een domeniu.<br>Programul finantat din Fondul national unic de asigurari sociale de sanatate are ca scop \u00eembunatatirea starii de sanatate si cresterea sperantei de viata a bolnavilor cu afectiuni cu risc crescut.<br>Cine poate beneficia de programele nationale de sanatate?<br>Beneficiarii subprogramelor nationale de sanatate sunt atat persoanele asigurate care prezinta afectiuni incluse \u00een programele nationale cat si persoanele neasigurate care nu realizeaza venituri din munca, pensie sau din alte surse si prezinta afectiuni incluse \u00een programele nationale.<br>Cum poate beneficia un bolnav de programe nationale?<br>Pentru persoanele asigurate cel mai important este sa efectueze controlul periodic anual, \u00een scopul depistarii precoce a bolilor cronice. \u00cen cazul suspectarii existentei unei afectiuni cronice, medicul de familie va \u00eendruma asiguratul catre un medic specialist. Acesta va confirma sau va infirma suspiciunea si va stabili daca pacientul \u00eendeplineste criteriile de includere \u00een subprogram si momentul includerii acestuia \u00een subprogram, cu \u00eencadrarea \u00een bugetul aprobat. Pentru unele programe exista si liste de asteptare.<br>Persoanele neasigurate pot beneficia de asemenea gratuit de programele nationale de sanatate din momentul diagnosticarii unei boli cuprinse \u00een aceste programe. Neasiguratii care suspecteaza ca au o asemenea boala trebuie \u00eensa sa se prezinte la un medic specialist, care va confirma sau infirma suspiciunea.<\/p>\n<p style=\"margin-bottom: 5px; text-align: justify;\"><strong>Care sunt programele nationale de sanatate &#8211; subprogramele derulate la Spitalul de psihiatrie Murgeni?<\/strong><br>In cadrul Spitalului de psihiatrie Murgeni se deruleaza&nbsp;<strong>Programul National de s\u0103n\u0103tate mintal\u0103 nr. 3 &#8211; SP1 3.1 Subprogramul de profilaxie \u00een patologia psihiatric\u0103 \u015fi pshihosocial\u0103<\/strong>.<\/p>\n<p style=\"margin-bottom: 5px; text-align: justify;\"><strong>La nivel national :<\/strong><br>3. Programul na\u0163ional de s\u0103n\u0103tate mintal\u0103<br>Coordonarea tehnic\u0103: Centrul Na\u0163ional de S\u0103n\u0103tate Mintal\u0103<br><strong>Obiective:<\/strong><br>a) Asigurarea continuit\u0103\u0163ii \u015fi cre\u015fterea accesibilit\u0103\u0163ii \u015fi calit\u0103\u0163ii \u00eengrijirilor de s\u0103n\u0103tate mintal\u0103<br>b) Prevenirea consumului de droguri \u015fi asigurarea tratamentului la persoanele cu toxicodependen\u0163\u0103<br>3.1 Subprogramul de profilaxie \u00een patologia psihiatric\u0103 \u015fi pshihosocial\u0103<br><strong>Activit\u0103\u0163i<\/strong><br>1. Dezvoltarea procedurilor de organizare si functionare a CSM-urilor;<br>2. Implementarea protocoalelor de asigurare a continuitatii ingrijirilor;<br>3. Dezvoltarea curriculei nationale de nursing psihiatric;<br>4. Formarea asistentelor medicale in nursing psihiatric;<br>5. Dezvoltarea centrelor de formare in nursing psihiatric;<br>6. Activit\u0103\u0163i de terapie ocupa\u0163ional\u0103 si ergoterapie \u00een spitalele de psihiatrie;<br>7. Formarea specialistilor (instructorilor) in terapie ocupa\u0163ional\u0103;<br>8. Instruire medici familie in recunoasterea si abordarea depresiei,anxietatii, insomniei si a somatizarilor;<br>9. Formarea psihologilor de legatura \u00een unele spitalele;<br>10. Implementarea ghidurilor clinice pentru schizofrenie, depresie si alcoolism;<br>11. Dezvoltarea de servicii de terapie ocupationala in unitatile psihiatrice de cronici;<br>12. Dezvoltarea serviciului de psihoeducatie in depresie, alcoolism si schizofrenie;<br>13. Dezvoltarea de servicii specializate in tratamentul tulbur\u0103rilor autiste \u015fi ADHD.<\/p>\n<p style=\"margin-bottom: 5px; text-align: justify;\"><strong>Indicatori de evaluare<\/strong><br>a) Indicatori de rezultat &#8211; anual:<br>&#8211; reducerea duratei de spitalizare cu peste 10%<br>&#8211; reducerea procentului de bolnavi dependen\u0163i socio-familial cu 25%<br>b) Indicatori fizici &#8211; trimestrial:<br>&#8211; numar bolnavi inclusi in activitati de ergoterapie si terapie ocupationala<br>&#8211; numar asistente medicale in nursing psihiatric instruite<br>&#8211; numar terapeuti ocupationali instruiti<br>&#8211; numar medici familie instruiti<br>&#8211; numar pacienti inclusi in serviciile de psihoeducatie in depresie, alcoolism si schizofrenie<br>&#8211; numar copii cu autism inclusi in program in 3 centre specializate<br>c) Indicatori de eficienta \u2013 trimestrial:<br>&#8211; cost mediu\/ bolnav inclus in activitati de ergoterapie si terapie ocupationala<br>&#8211; cost mediu\/ asistenta in nursing psihiatric instruita &#8211;<br>&#8211; cost mediu\/terapeut ocupational instruit<br>&#8211; cost mediu\/medic familie instruit<br>&#8211; cost mediu\/pacient inclus in serviciile de psihoeducatie in depresie, alcoolism schizofrenie<br>&#8211; cost mediu\/copil cu autism inclus in program<\/p>\n<p style=\"margin-bottom: 5px; text-align: justify;\"><strong>Unit\u0103\u0163i care deruleaz\u0103 subprogramul:<\/strong><br>&#8211; Unit\u0103\u0163i sanitare cu sec\u0163ii de psihiatrie<br>&#8211; LSM \/ CSM din cadrul spitalelor de psihiatrie sau spitalelor cu sec\u0163ii de psihiatrie<\/p>\n<p style=\"margin-bottom: 5px; text-align: justify;\"><strong><br><\/strong>La Spitalului de psihiatrie Murgeni se deruleaza&nbsp;<strong>Programul National de s\u0103n\u0103tate mintal\u0103 nr. 3 &#8211; SP1 3.1 Subprogramul de profilaxie \u00een patologia psihiatric\u0103 \u015fi pshihosocial\u0103&nbsp;<\/strong>\u2013 coordonator local &#8211;&nbsp;<strong>dr. Stoian Florin<\/strong>&nbsp;medic specialist psihiatru.<br>In cadrul acestui program se desfasoara activitatea de ergoterapie cu pacientii internati, activitate coordonata de&nbsp;<strong>asistentul social Viorel Stratulat<\/strong>&nbsp;si&nbsp;<strong>psihologul Ana Fulger<\/strong>.<\/p>\n<\/td>\n<\/tr>\n<\/tbody>\n<\/table>\t\t\t\t\t\t\t\t<\/div>\n\t\t\t\t\t<\/div>\n\t\t\t\t<\/div>\n\t\t\t\t<\/div>\n\t\t","protected":false},"excerpt":{"rendered":"<p>Buget programe de sanatate Ce sunt programele nationale de sanatate?Programele nationale de sanatate sunt un ansamblu organizat de activitati si servicii instituite prin lege \u00een scopul prevenirii si controlului unor boli cu consecinte grave asupra starii de sanatate a populatiei si, \u00een unele cazuri (SIDA, TBC), cu risc epidemiologic crescut.Programele nationale de sanatate sunt proiectate, implementate si coordonate de Ministerul [&hellip;]<\/p>\n","protected":false},"author":1,"featured_media":0,"parent":0,"menu_order":0,"comment_status":"closed","ping_status":"closed","template":"page-templates\/full-width-container.php","meta":{"footnotes":""},"folder":[],"class_list":["post-478","page","type-page","status-publish","hentry"],"_links":{"self":[{"href":"https:\/\/www.spitalulmurgeni.ro\/index.php\/wp-json\/wp\/v2\/pages\/478","targetHints":{"allow":["GET"]}}],"collection":[{"href":"https:\/\/www.spitalulmurgeni.ro\/index.php\/wp-json\/wp\/v2\/pages"}],"about":[{"href":"https:\/\/www.spitalulmurgeni.ro\/index.php\/wp-json\/wp\/v2\/types\/page"}],"author":[{"embeddable":true,"href":"https:\/\/www.spitalulmurgeni.ro\/index.php\/wp-json\/wp\/v2\/users\/1"}],"replies":[{"embeddable":true,"href":"https:\/\/www.spitalulmurgeni.ro\/index.php\/wp-json\/wp\/v2\/comments?post=478"}],"version-history":[{"count":4,"href":"https:\/\/www.spitalulmurgeni.ro\/index.php\/wp-json\/wp\/v2\/pages\/478\/revisions"}],"predecessor-version":[{"id":493,"href":"https:\/\/www.spitalulmurgeni.ro\/index.php\/wp-json\/wp\/v2\/pages\/478\/revisions\/493"}],"wp:attachment":[{"href":"https:\/\/www.spitalulmurgeni.ro\/index.php\/wp-json\/wp\/v2\/media?parent=478"}],"wp:term":[{"taxonomy":"folder","embeddable":true,"href":"https:\/\/www.spitalulmurgeni.ro\/index.php\/wp-json\/wp\/v2\/folder?post=478"}],"curies":[{"name":"wp","href":"https:\/\/api.w.org\/{rel}","templated":true}]}}