{"id":457,"date":"2025-10-13T09:21:46","date_gmt":"2025-10-13T09:21:46","guid":{"rendered":"https:\/\/spm.garohost.ro\/?page_id=457"},"modified":"2025-10-13T09:24:21","modified_gmt":"2025-10-13T09:24:21","slug":"camera-de-garda","status":"publish","type":"page","link":"https:\/\/www.spitalulmurgeni.ro\/index.php\/camera-de-garda\/","title":{"rendered":"Camera de garda"},"content":{"rendered":"\t\t<div data-elementor-type=\"wp-page\" data-elementor-id=\"457\" class=\"elementor elementor-457\" data-elementor-post-type=\"page\">\n\t\t\t\t<div data-particle_enable=\"false\" data-particle-mobile-disabled=\"false\" class=\"elementor-element elementor-element-26f8dd8 e-flex e-con-boxed e-con e-parent\" data-id=\"26f8dd8\" data-element_type=\"container\">\n\t\t\t\t\t<div class=\"e-con-inner\">\n\t\t\t\t<div class=\"elementor-element elementor-element-06e5f4c elementor-widget elementor-widget-spacer\" data-id=\"06e5f4c\" data-element_type=\"widget\" data-widget_type=\"spacer.default\">\n\t\t\t\t\t\t\t<div class=\"elementor-spacer\">\n\t\t\t<div class=\"elementor-spacer-inner\"><\/div>\n\t\t<\/div>\n\t\t\t\t\t\t<\/div>\n\t\t\t\t<div class=\"elementor-element elementor-element-d198ef3 elementor-widget elementor-widget-text-editor\" data-id=\"d198ef3\" data-element_type=\"widget\" data-widget_type=\"text-editor.default\">\n\t\t\t\t\t\t\t\t\t<p style=\"margin-bottom: 5px; text-align: center; color: #333333; font-family: Tahoma, Arial, sans-serif; font-size: 12px;\"><strong>Protocolul National de Triaj al pacientilor din Structurile pentru Primirea Urgentelor<\/strong><\/p><p style=\"margin-bottom: 5px; text-align: justify; color: #333333; font-family: Tahoma, Arial, sans-serif; font-size: 12px;\"><strong>Definitie:<\/strong>\u00a0Mecanismul sau procedura prin care pacientii care se prezinta in Camera de garda sunt evaluati si clasificati, la sosire de catre o persoana competenta (medic ori cadru sanitar mediu), luand in considerare starea lor clinica si acuzele cu care se prezinta, corelate cu varsta si antecedentele acestora, stabilitatea functiilor vitale, potentialul de agravare a starii lor, necesitatea instituirii unui tratament sau a efectuarii unor investigatii, precum si alte date considerate relevante, astfel incat sa fie stabilite prioritatea cu care un pacient este asistat si nivelul de asistenta necesara acestuia. Triajul este un proces continuu, fiind necesara reevaluarea periodica a pacientilor pana la plecarea acestora din Camera de garda. Triajul se efectueaza in momentul prezentarii pacientului in structura de primire a urgentelor. Protocolul stabileste un model de triaj al cazurilor de urgenta care se prezinta in Camera de garda, astfel incat prioritatea consultarii sa revina intotdeauna persoanelor aflate in starea cea mai grava.Sistemul clasifica pacientii dupa un algoritm folosit in mai multe tari ale lumii cu sisteme similare de urgenta.Algoritmul stabileste modul de incadrare al fiecarui caz intr-o categorie anume in momentul prezentarii in urgenta si se foloseste mai ales atunci cand Unitatea de Primire Urgente este aglomerata.De asemenea, protocolul stabileste timpul maxim de la sosire p\u00e2na la consultarea de catre primul medic.<\/p><p style=\"margin-bottom: 5px; text-align: center; color: #333333; font-family: Tahoma, Arial, sans-serif; font-size: 12px;\"><br \/><strong>ALGORITM DE CLASIFICARE<\/strong><\/p><p style=\"margin-bottom: 5px; text-align: justify; color: #333333; font-family: Tahoma, Arial, sans-serif; font-size: 12px;\">I.\u00a0<strong>COD ROSU<\/strong>\u00a0&#8211; situatie de gravitate maxima, care impune consultarea imediata a pacientului care necesita ACUM interventie salvatoare de viata. Timpul maxim de preluare in zona de tratament: 0 minute.<br \/>II.\u00a0<strong>COD GALBEN<\/strong>\u00a0&#8211; prevede ca pacientul sa fie consultat in maximum 10 min;<br \/>III.\u00a0<strong>COD VERDE<\/strong>\u00a0&#8211; prevede ca pacientul sa fie consultat in maximum 30 min;<br \/>IV.\u00a0<strong>COD ALBASTRU<\/strong>\u00a0&#8211; prevede ca pacientul sa fie consultat in maximum 60 min;<br \/>V.\u00a0<strong>COD ALB<\/strong>\u00a0&#8211; prevede ca pacientul sa fie consultat in maximum 120 min.<br \/>Ulterior consultarii de catre primul medic, cazul urmareste procedura normala in Camera de garda , fiind investigat, tratat si consultat la nevoie si de catre alti specialisti din spital, in vederea luarii deciziei de internare, externare sau transfer.<\/p><p style=\"margin-bottom: 5px; text-align: center; color: #333333; font-family: Tahoma, Arial, sans-serif; font-size: 12px;\"><strong>\u00a0<\/strong><\/p><p style=\"margin-bottom: 5px; text-align: center; color: #333333; font-family: Tahoma, Arial, sans-serif; font-size: 12px;\"><strong>CRITERII DE INTERNARE \/ TRANSFER A PACIENTIILOR DIN CAMERA DE GARDA<\/strong><\/p><p style=\"margin-bottom: 5px; text-align: justify; color: #333333; font-family: Tahoma, Arial, sans-serif; font-size: 12px;\">1. Pacientul este \u00een stare critica;<br \/>2. Exista posibilitatea aparitiei unor complicatii care pot pune in pericol viata pacientului;<br \/>3. Afectiunea pacientului necesita monitorizare, investigatii suplimentare si tratament de urgenta spitalicesc;<br \/>4. Pacientul trebuie sa fie supus unei interventii chirurgicale de urgenta;<br \/>5. Simptomatologia si starea clinica a pacientului,corelata cu alti factori, cum ar fi v\u00e2rsta, sexul etc., pot fi cauzate de o afectiune grava chiar daca testele si investigatiile paraclinice nu dovedesc acest lucru la momentul efectuariilor;<br \/>6. Elucidarea cazului necesita investigatii suplimentare ce nu pot fi efectuate la momentul respectiv, iar starea pacientului nu permite externarea;<br \/>7. Afectiunea de care sufera pacientul nu permite autosustinerea, iar pacientul locuieste singur si este fara apartinatori;<br \/>8. Alte situatii bine justificate \u00een care medicul din UPU sau medicul de garda dintr-o sectie considera necesara internarea pacientului;<\/p><p style=\"margin-bottom: 5px; text-align: justify; color: #333333; font-family: Tahoma, Arial, sans-serif; font-size: 12px;\"><strong>\u00a0<\/strong><\/p><p style=\"margin-bottom: 5px; text-align: center; color: #333333; font-family: Tahoma, Arial, sans-serif; font-size: 12px;\"><strong>PROCEDURA DE PRIMIRE A PACIENTILOR IN CAMERA DE GARDA<\/strong><\/p><p style=\"margin-bottom: 5px; text-align: justify; color: #333333; font-family: Tahoma, Arial, sans-serif; font-size: 12px;\">\u2022 Camera de garda este deschisa tuturor pacientilor care solicita acordarea asistentei medicale de urgenta \u00een urma aparitiei unor acuze acute noi sau pe fondul unor afectiuni cronice;<br \/>\u2022 Este interzis refuzul acordarii asistentei medicale de urgenta unui pacient care solicita acest lucru fara evaluarea starii acestuia de catre un medic din cadrul Camera de garda si stabilirea lipsei unei afectiuni care necesita \u00eengrijiri medicale \u00een cadrul Camera de garda si eventuala internare a pacientului;<br \/>\u2022 Pacientii care reprezinta cazuri sociale, necesit\u00e2nd \u00een acelasi timp \u00eengrijiri medicale, vor fi tratati ca fiind cazuri medicale de urgenta, implic\u00e2nd \u00een acelasi timp asistentul social din cadrul spitalului;<br \/>\u2022 Persoanele care reprezinta cazuri sociale si care nu necesita \u00eengrijiri medicale de urgenta vor fi preluate de asistentul social \u00een urma evaluarii de catre un medic din cadrul Camerei de garda ;<br \/>\u2022 Pacientii trimisi pentru consult interclinic sau cei trimisi de catre medicul de familie pentru consult de specialitate vor fi consultati \u00een Camera de garda din cadrul spitalului.<\/p><p style=\"margin-bottom: 5px; text-align: justify; color: #333333; font-family: Tahoma, Arial, sans-serif; font-size: 12px;\">\u00a0<\/p><p style=\"margin-bottom: 5px; text-align: center; color: #333333; font-family: Tahoma, Arial, sans-serif; font-size: 12px;\"><strong>PROCEDURA DE EXAMINARE SI INVESTIGARE A PACIENTILOR<\/strong><\/p><p style=\"margin-bottom: 5px; text-align: justify; color: #333333; font-family: Tahoma, Arial, sans-serif; font-size: 12px;\">\u2022 La sosire, \u00een urma efectuarii triajului, pacientii din Camera de garda sunt examinati de medicul de garda din acesta structura, care vor decide investigatiile necesare si medicii de specialitate care urmeaza sa fie chemati \u00een vederea acordarii consultului de specialitate, daca se considera necesar;<br \/>\u2022 \u00cen zona de triaj pot fi recomandate unele investigatii pacientilor aflati \u00een asteptare, \u00een urma unei examinari clinice sumare efectuate de un medic, astfel inc\u00e2t rezultatele investigatiilor sa fie disponibile la momentul examinarii pacientului respectiv \u00een spatiul de examinare din cadrul Camera de garda ;<br \/>\u2022 \u00cen cazul pacientilor aflati \u00een stare critica sau a caror stare necesita un consult specific de specialitate imediat, medicii din spital sunt obligati sa se prezinte la Camera de garda \u00een cel mult 10 minute de la solicitarea lor. Exceptie fac situatiile \u00een care medicul chemat este implicat \u00een acordarea asistentei medicale unui pacient aflat \u00een stare critica \u00een sectie. \u00cen astfel de cazuri medicul solicitat va informa personalul din Camera de garda despre situatia respectiva si va primi telefonic date despre cazul aflat \u00een Camera de garda sau , \u00een vederea luarii unei decizii, stabilirii urgentei situatiei si modului de actiune;<br \/>\u2022 \u00cen cazul pacientilor stabili care se afla \u00een Camera de garda , medicii specialisti chemati din spital au obligatia sa raspunda solicitarii \u00een cel mult 60 de minute;<br \/>\u2022 Investigarea pacientilor \u00een Camera de garda are ca scop stabilirea unui diagnostic corect si a unei conduite terapeutice corecte bazate pe rezultatele examenului clinic si a investigatiilor paraclinice;<br \/>\u2022 Investigatiile pot fi efectuate inclusiv \u00een scopul de a infirma un diagnostic prezumtiv, \u00een vederea stabilirii unei conduite terapeutice corecte, precum si \u00een vederea luarii unei decizii asupra necesitatii internarii unui pacient;<\/p><p style=\"margin-bottom: 5px; text-align: center; color: #333333; font-family: Tahoma, Arial, sans-serif; font-size: 12px;\"><br \/><strong>PROCEDURA DE INTERNAREA PACIENTILOR, RETINEREA SUB OBSERVATIE, TRANSFERUL SAU EXTERNAREA LOR<\/strong><\/p><p style=\"margin-bottom: 5px; text-align: justify; color: #333333; font-family: Tahoma, Arial, sans-serif; font-size: 12px;\">\u2022 Internarea de urgenta a pacientilor \u00een spital se face doar prin Camera de garda , \u00een urma \u00eentocmirii unei fise individuale de urgenta, examinarii si evaluarii pacientului, cu exceptia cazului \u00een care spitalul nu detine o asemenea sectie;<br \/>\u2022 Se interzice internarea cazurilor cronice sau a cazurilor care nu reprezinta urgente cu indicatii de internare clare prin Camera de garda ;.<br \/>\u2022 Externarea poate fi efectuata la cererea pacientului sau dupa caz, a apartinatorilor acestuia in urma semnarii fisei individuale a pacientului, a refuzului de tratament sau de internare;<br \/>\u2022 \u00cen cazul externarii la domiciliu, pacientul va primi o scrisoare medicala catre medicul de familie, care explica rezultatele investigatiilor, tratamentul efectuat si recomandarile medicului din Camera de garda si ale medicilor specialisti din cadrul spitalului;<br \/>\u2022 La externare pacientul va primi informatiile necesare privind afectiunea lui si tratamentul necesar, inclusiv informatiile privind o eventuala aparitie sau agravare a unor semne ori simptome care necesita revenirea de urgenta la Camera de garda.<\/p>\t\t\t\t\t\t\t\t<\/div>\n\t\t\t\t\t<\/div>\n\t\t\t\t<\/div>\n\t\t\t\t<\/div>\n\t\t","protected":false},"excerpt":{"rendered":"<p>Protocolul National de Triaj al pacientilor din Structurile pentru Primirea Urgentelor Definitie:\u00a0Mecanismul sau procedura prin care pacientii care se prezinta in Camera de garda sunt evaluati si clasificati, la sosire de catre o persoana competenta (medic ori cadru sanitar mediu), luand in considerare starea lor clinica si acuzele cu care se prezinta, corelate cu varsta si antecedentele acestora, stabilitatea functiilor [&hellip;]<\/p>\n","protected":false},"author":1,"featured_media":0,"parent":0,"menu_order":0,"comment_status":"closed","ping_status":"closed","template":"page-templates\/full-width-container.php","meta":{"footnotes":""},"folder":[],"class_list":["post-457","page","type-page","status-publish","hentry"],"_links":{"self":[{"href":"https:\/\/www.spitalulmurgeni.ro\/index.php\/wp-json\/wp\/v2\/pages\/457","targetHints":{"allow":["GET"]}}],"collection":[{"href":"https:\/\/www.spitalulmurgeni.ro\/index.php\/wp-json\/wp\/v2\/pages"}],"about":[{"href":"https:\/\/www.spitalulmurgeni.ro\/index.php\/wp-json\/wp\/v2\/types\/page"}],"author":[{"embeddable":true,"href":"https:\/\/www.spitalulmurgeni.ro\/index.php\/wp-json\/wp\/v2\/users\/1"}],"replies":[{"embeddable":true,"href":"https:\/\/www.spitalulmurgeni.ro\/index.php\/wp-json\/wp\/v2\/comments?post=457"}],"version-history":[{"count":4,"href":"https:\/\/www.spitalulmurgeni.ro\/index.php\/wp-json\/wp\/v2\/pages\/457\/revisions"}],"predecessor-version":[{"id":464,"href":"https:\/\/www.spitalulmurgeni.ro\/index.php\/wp-json\/wp\/v2\/pages\/457\/revisions\/464"}],"wp:attachment":[{"href":"https:\/\/www.spitalulmurgeni.ro\/index.php\/wp-json\/wp\/v2\/media?parent=457"}],"wp:term":[{"taxonomy":"folder","embeddable":true,"href":"https:\/\/www.spitalulmurgeni.ro\/index.php\/wp-json\/wp\/v2\/folder?post=457"}],"curies":[{"name":"wp","href":"https:\/\/api.w.org\/{rel}","templated":true}]}}